{"id":16,"date":"2026-03-06T17:53:26","date_gmt":"2026-03-06T13:53:26","guid":{"rendered":"https:\/\/lakazcoquille.wordpress.com\/?page_id=16"},"modified":"2026-03-06T17:53:26","modified_gmt":"2026-03-06T13:53:26","slug":"nous-contacter","status":"publish","type":"page","link":"https:\/\/lakazcoquille.re\/index.php\/nous-contacter\/","title":{"rendered":"Nous contacter"},"content":{"rendered":"\n<div class=\"wp-block-group alignfull has-global-padding is-content-justification-center is-layout-constrained wp-block-group-is-layout-constrained\" style=\"margin-top:0;margin-bottom:0;padding-top:var(--wp--preset--spacing--40);padding-bottom:var(--wp--preset--spacing--40)\">\n<div class=\"wp-block-columns alignwide is-layout-flex wp-container-core-columns-is-layout-28f84493 wp-block-columns-is-layout-flex\">\n<div class=\"wp-block-column is-vertically-aligned-center is-layout-flow wp-block-column-is-layout-flow\">\n<p><\/p>\n\n\n\n<h2 class=\"wp-block-heading\">dites-nous tout !<\/h2>\n\n\n\n<p class=\"is-contact-description\">Vous souhaitez nous faire part de vos commentaires ? N&rsquo;h\u00e9sitez pas \u00e0 nous contacter pour nous faire part de vos questions ou de vos id\u00e9es !<\/p>\n\n\n\n<p>Le Port, Ile de la Reunion<\/p>\n\n\n\n<div class=\"wp-block-jetpack-contact-form is-style-default has-primary-color has-text-color has-link-color wp-elements-5a723bdd4a5d136e8aa5d7229be05e36\">\n<div>\n\n<\/div>\n\n\n\n<div>\n\n<\/div>\n\n\n\n<div>\n\n<\/div>\n\n\n<\/div>\n<\/div>\n\n\n\n<div class=\"wp-block-column is-layout-flow wp-block-column-is-layout-flow\">\n<figure class=\"wp-block-image size-full\"><img loading=\"lazy\" decoding=\"async\" width=\"1880\" height=\"1255\" src=\"http:\/\/lakazcoquille.re\/wp-content\/uploads\/2026\/03\/pexels-photo-4458208.jpeg\" alt=\"\" class=\"wp-image-28\" style=\"aspect-ratio:3\/4;object-fit:cover\" srcset=\"https:\/\/lakazcoquille.re\/wp-content\/uploads\/2026\/03\/pexels-photo-4458208.jpeg 1880w, https:\/\/lakazcoquille.re\/wp-content\/uploads\/2026\/03\/pexels-photo-4458208-300x200.jpeg 300w, https:\/\/lakazcoquille.re\/wp-content\/uploads\/2026\/03\/pexels-photo-4458208-1024x684.jpeg 1024w, https:\/\/lakazcoquille.re\/wp-content\/uploads\/2026\/03\/pexels-photo-4458208-768x513.jpeg 768w, https:\/\/lakazcoquille.re\/wp-content\/uploads\/2026\/03\/pexels-photo-4458208-1536x1025.jpeg 1536w\" sizes=\"auto, (max-width: 1880px) 100vw, 1880px\" \/><\/figure>\n<\/div>\n<\/div>\n<\/div>\n","protected":false},"excerpt":{"rendered":"<p>dites-nous tout ! Vous souhaitez nous faire part de vos commentaires ? N&rsquo;h\u00e9sitez pas \u00e0 nous contacter pour nous faire part de vos questions ou de vos id\u00e9es ! Le Port, Ile de la Reunion<\/p>\n","protected":false},"author":1,"featured_media":0,"parent":0,"menu_order":0,"comment_status":"closed","ping_status":"closed","template":"","meta":{"footnotes":""},"class_list":["post-16","page","type-page","status-publish","hentry"],"_links":{"self":[{"href":"https:\/\/lakazcoquille.re\/index.php\/wp-json\/wp\/v2\/pages\/16","targetHints":{"allow":["GET"]}}],"collection":[{"href":"https:\/\/lakazcoquille.re\/index.php\/wp-json\/wp\/v2\/pages"}],"about":[{"href":"https:\/\/lakazcoquille.re\/index.php\/wp-json\/wp\/v2\/types\/page"}],"author":[{"embeddable":true,"href":"https:\/\/lakazcoquille.re\/index.php\/wp-json\/wp\/v2\/users\/1"}],"replies":[{"embeddable":true,"href":"https:\/\/lakazcoquille.re\/index.php\/wp-json\/wp\/v2\/comments?post=16"}],"version-history":[{"count":0,"href":"https:\/\/lakazcoquille.re\/index.php\/wp-json\/wp\/v2\/pages\/16\/revisions"}],"wp:attachment":[{"href":"https:\/\/lakazcoquille.re\/index.php\/wp-json\/wp\/v2\/media?parent=16"}],"curies":[{"name":"wp","href":"https:\/\/api.w.org\/{rel}","templated":true}]}}